{"id":74,"date":"2015-07-13T21:58:57","date_gmt":"2015-07-13T19:58:57","guid":{"rendered":"http:\/\/dvorujozefa.vcelstvo.sk\/?page_id=74"},"modified":"2026-04-24T14:15:24","modified_gmt":"2026-04-24T12:15:24","slug":"uvod","status":"publish","type":"page","link":"https:\/\/dvorujozefa.eu\/","title":{"rendered":"\u00davod"},"content":{"rendered":"<h1>Re\u0161taur\u00e1cia a penzi\u00f3n Dvor u Jozefa<\/h1>\n<h3>ROZVOZ JEDLA<\/h3>\n<p>Cena jedla 6,50\u20ac s polievkou a bez polievky 6,00\u20ac.<br \/>Pr\u00edlohy k jedl\u00e1m sa m\u00f4\u017eu meni\u0165.<br \/>V pr\u00edpade z\u00e1ujmu o sladk\u00e9 jedl\u00e1 je potrebn\u00e9 objedna\u0165 de\u0148 vopred.<br \/>Tel. \u010d\u00edslo : 0940 566 567, 0940 225 642.<br \/>Dvor u Jozefa V\u00e1s poz\u00fdva vychutna\u0165 si na\u0161e jedlo . NOVINKA &#8211; k menu \u010d. 1 0,2 dcl kofoly gr\u00e1tis !!<br \/>Te\u0161\u00edme sa V\u00e1m a prajeme dobr\u00fa chu\u0165!<\/p>\n<p>\u0160AL\u00c1TY NA OBJEDN\u00c1VKU po 7,20\u00a0 :<\/p>\n<p>1. Gr\u00e9cky \u0161al\u00e1t s kurac\u00edmi kockami<br \/>2. C\u00e9zar \u0161al\u00e1t s vypr\u00e1\u017ean\u00fdmi kurac\u00edmi nugetkami<strong>\u00a0<\/strong><\/p>\n<p><span style=\"color: #ff0000;\">NOVINKA! Aj na don\u00e1\u0161ku:<\/span><\/p>\n<ol>\n<li><span style=\"color: #000000;\">Camembertov\u00e9 k\u00fasky obalen\u00e9 v str\u00fahanke so s\u00e9zamom, steak hranolky, om\u00e1\u010dka pod\u013ea v\u00fdberu 1,3,7,11 \/350g\/ 7,20\u20ac. \u00a0 \u00a0 \u00a0 \u00a0 \u00a0 \u00a0 \u00a0 \u00a0<\/span><\/li>\n<li><span style=\"color: #000000;\">Kuracie stripsy, steak hranolky, om\u00e1\u010dka pod\u013ea v\u00fdberu 1,3,7 \/350g\/ 7,20\u20ac\u00a0 \u00a0\/om\u00e1\u010dky: na\u0161a barbecue, slaninkov\u00e1, diabolsk\u00e1\/<\/span><span style=\"color: #000000;\">\u00a0 \u00a0<\/span><span style=\"color: #000000;\">\u00a0 \u00a0 \u00a0 \u00a0 \u00a0 \u00a0 \u00a0 \u00a0 \u00a0 \u00a0 \u00a0 \u00a0 \u00a0 \u00a0 \u00a0 \u00a0 \u00a0 \u00a0 \u00a0 \u00a0 \u00a0 \u00a0 \u00a0 \u00a0 \u00a0 \u00a0 \u00a0 \u00a0 \u00a0 \u00a0 \u00a0 \u00a0 \u00a0 \u00a0 \u00a0 \u00a0 \u00a0 \u00a0 \u00a0 \u00a0 \u00a0 \u00a0 \u00a0 \u00a0 \u00a0 \u00a0 \u00a0 \u00a0 \u00a0 \u00a0 \u00a0 \u00a0 \u00a0 \u00a0 \u00a0 \u00a0\u00a0<\/span><\/li>\n<\/ol>\n<div class=\"jedlo_polozka\">\n<div class=\"left\">\n<div class=\"jedlo_polozka\">\n<div class=\"left\">\n<div class=\"jedlo_polozka\">\n<div class=\"left\">\n<div class=\"jedlo_polozka\">\n<div class=\"left\">\n<div class=\"jedlo_polozka\">\n<div class=\"left\">\n<p><strong>Pondelok 27.04.2026<\/strong><\/p>\n<p>Zemiakov\u00e1 kysl\u00e1 s\u00a0hubami 1,7,12 \u00a0\u00a0Franc\u00fazka s\u00a0mu\u0161li\u010dkami 1,3,9 + 2ks chlieb<\/p>\n<ol>\n<li>Kuracie sot\u00e9 s\u00a0hr\u00e1\u0161kom a\u00a0\u0161ampi\u0148\u00f3nmi, \u00bd dusen\u00e1 ry\u017ea, \u00bd zemiakov\u00e1 placka 1,12<\/li>\n<li>Pe\u010den\u00e9 brav\u010dov\u00e9 kar\u00e9, fazu\u013eov\u00e9 struky so slaninkou, hor\u010dicov\u00e1 om\u00e1\u010dka, pe\u010den\u00e9 zemiaky 1,7,10<\/li>\n<li>Brav\u010dov\u00fd perkelt po srbsky, tarho\u0148a 1<\/li>\n<li>Sekan\u00fd brav\u010dov\u00fd reze\u0148 so syrom, zemiakov\u00e1 ka\u0161a, kapustov\u00fd \u0161al\u00e1t 1,3,7<\/li>\n<li>Zapekan\u00e1 brokolica s\u00a0paradajkami, varen\u00e9 zemiaky, tat\u00e1rska om\u00e1\u010dka 1,7<\/li>\n<li>Kysnut\u00fd tvarohov\u00fd z\u00e1vin 1,3,7<\/li>\n<\/ol>\n<p><strong style=\"font-size: inherit;\">Utorok\u00a0 28.04.2026<\/strong><\/p>\n<p>Kelov\u00e1 s\u00a0\u00faden\u00fd m\u00e4som 1,9\u00a0\u00a0 \u0160al\u00e1tov\u00e1 kysl\u00e1 1,7 + 2ks chlieb<\/p>\n<ol>\n<li>Brav\u010dov\u00e9 ra\u017eni\u010di, (hor\u010dica, cibu\u013ea), varen\u00e9 zemiaky 1,10<\/li>\n<li>Kurac\u00ed gordon bleu, \u00bd dusen\u00e1 ry\u017ea, \u00bd hranolky, tat\u00e1rska om\u00e1\u010dka 1,3,7<\/li>\n<li>Brav\u010dov\u00e9 stehno na paprike, cestovina 1,3,7<\/li>\n<li>Bolonsk\u00e9 \u0161pagety so syrom 1,7<\/li>\n<li>Zeleninov\u00e9 krupoto so str\u00fahan\u00fdm syrom a\u00a0hubami, zeleninov\u00fd \u0161al\u00e1t 1,7,12<\/li>\n<\/ol>\n<p><strong>Streda 29.04.2026<\/strong><\/p>\n<ol>\n<li>Hov\u00e4dz\u00ed v\u00fdvar s\u00a0pe\u010de\u0148ov\u00fdmi halu\u0161kami 1,3,9\u00a0 Brokolicov\u00e1 kr\u00e9mov\u00e1 1,7+ 2 ks chlieb<\/li>\n<\/ol>\n<p>\u00a0<\/p>\n<ol>\n<li>Kuracie nugetky v\u00a0jogurte, pikantn\u00e1 kukurica, opekan\u00e9 zemiaky 7<\/li>\n<li>Z\u00e1hor\u00e1cky z\u00e1vitok, varen\u00e9 zemiaky, mie\u0161an\u00fd \u0161al\u00e1t 1,3<\/li>\n<li>Ma\u010farsk\u00fd brav\u010dov\u00fd gu\u013e\u00e1\u0161, kysnut\u00e9 knedle 1,3,7<\/li>\n<li>Mor\u010dacie stehno na hub\u00e1ch, slovensk\u00e1 ry\u017ea 1,12<\/li>\n<li>Tekvicov\u00fd pr\u00edvarok, volsk\u00e9 oko, varen\u00e9 zemiaky 1,3,7<\/li>\n<li>Cis\u00e1rsky trhanec s\u00a0lesn\u00fdm ovoc\u00edm 1,3,7<\/li>\n<\/ol>\n<p><strong style=\"font-size: inherit;\">\u0160tvrtok 30.04. 2026\u00a0 \u00a0<\/strong><\/p>\n<ol>\n<li>Fazu\u013eov\u00e1 s\u00a0klob\u00e1sou 1,7\u00a0\u00a0 P\u00f3rov\u00e1 s\u00a0vajcom 1,3 + 2ks chlieb<\/li>\n<\/ol>\n<p>\u00a0<\/p>\n<ol>\n<li>Pe\u010den\u00e9 kura s\u00a0plnkou, zemiakov\u00e1 ka\u0161a, komp\u00f3t 1,3,7<\/li>\n<li>Zape\u010den\u00fd brav\u010dov\u00fd reze\u0148 s oravskou slaninkou a\u00a0syrom, varen\u00e9 zemiaky, kysl\u00e1 uhorka 1,7<\/li>\n<li>Brav\u010dov\u00e1 sekan\u00e1, zemiakov\u00fd pr\u00edvarok, chlieb 1,7<\/li>\n<li>Tatransk\u00e1 brav\u010dov\u00e1 poch\u00fa\u0165ka, \u00bd dusen\u00e1 ry\u017ea, \u00bd zemiakov\u00e1 placka 1,3<\/li>\n<li>Halu\u0161ky so syrokr\u00e9mom a\u00a0slaninkou 1,3,7<\/li>\n<\/ol>\n<p><strong style=\"font-size: inherit;\">Piatok\u00a0 01.05. 2026<\/strong><\/p>\n<\/div>\n<\/div>\n<\/div>\n<\/div>\n<\/div>\n<\/div>\n<\/div>\n<\/div>\n<\/div>\n<\/div>\n<div>\n<div class=\"jedlo_polozka\">\n<div class=\"left\">\n<p>SVIATOK<\/p>\n<\/div>\n<\/div>\n<\/div>\n\n\n<p><\/p>\n","protected":false},"excerpt":{"rendered":"<p>Re\u0161taur\u00e1cia a penzi\u00f3n Dvor u Jozefa ROZVOZ JEDLA Cena jedla 6,50\u20ac s polievkou a bez polievky 6,00\u20ac.Pr\u00edlohy k jedl\u00e1m sa m\u00f4\u017eu meni\u0165.V pr\u00edpade z\u00e1ujmu o sladk\u00e9 jedl\u00e1 je potrebn\u00e9 objedna\u0165 de\u0148 vopred.Tel. \u010d\u00edslo : 0940 566 567, 0940 225 642.Dvor u Jozefa V\u00e1s poz\u00fdva vychutna\u0165 si na\u0161e jedlo . NOVINKA &#8211; k menu \u010d. 1 [&hellip;]<\/p>\n","protected":false},"author":1,"featured_media":0,"parent":0,"menu_order":0,"comment_status":"open","ping_status":"open","template":"","meta":[],"_links":{"self":[{"href":"https:\/\/dvorujozefa.eu\/index.php\/wp-json\/wp\/v2\/pages\/74"}],"collection":[{"href":"https:\/\/dvorujozefa.eu\/index.php\/wp-json\/wp\/v2\/pages"}],"about":[{"href":"https:\/\/dvorujozefa.eu\/index.php\/wp-json\/wp\/v2\/types\/page"}],"author":[{"embeddable":true,"href":"https:\/\/dvorujozefa.eu\/index.php\/wp-json\/wp\/v2\/users\/1"}],"replies":[{"embeddable":true,"href":"https:\/\/dvorujozefa.eu\/index.php\/wp-json\/wp\/v2\/comments?post=74"}],"version-history":[{"count":690,"href":"https:\/\/dvorujozefa.eu\/index.php\/wp-json\/wp\/v2\/pages\/74\/revisions"}],"predecessor-version":[{"id":1788,"href":"https:\/\/dvorujozefa.eu\/index.php\/wp-json\/wp\/v2\/pages\/74\/revisions\/1788"}],"wp:attachment":[{"href":"https:\/\/dvorujozefa.eu\/index.php\/wp-json\/wp\/v2\/media?parent=74"}],"curies":[{"name":"wp","href":"https:\/\/api.w.org\/{rel}","templated":true}]}}