{"id":5,"date":"2015-07-06T16:56:18","date_gmt":"2015-07-06T14:56:18","guid":{"rendered":"http:\/\/localhost\/dvorujozefa\/?page_id=5"},"modified":"2020-05-26T16:34:32","modified_gmt":"2020-05-26T14:34:32","slug":"restauracia","status":"publish","type":"page","link":"https:\/\/dvorujozefa.eu\/index.php\/restauracia\/","title":{"rendered":"Re\u0161taur\u00e1cia"},"content":{"rendered":"<p>Na\u0161im z\u00e1kazn\u00edkom pon\u00fakame kvalitn\u00e9 slu\u017eby v oblasti stravovania pri pr\u00edjemnom poseden\u00ed v k\u013eudnej a neru\u0161enej dvorane v centre n\u00e1\u0161ho mesta.<\/p>\n<p>Slu\u017eby ktor\u00e9 z\u00e1kazn\u00edkom pon\u00fakame<\/p>\n<p>\u0160pecifik\u00e1 na\u0161ej re\u0161taur\u00e1cie<\/p>\n<p>Organizovanie spolo\u010densk\u00fdch akci\u00ed<\/p>\n<p>Akcie<\/p>\n<ul>\n<li>Svadby<\/li>\n<li>Stretnutia<\/li>\n<li>Rodinn\u00e9 oslavy<\/li>\n<li>Jubile\u00e1<\/li>\n<li>Krstiny<\/li>\n<li>Prom\u00f3cie<\/li>\n<li>Stu\u017ekov\u00e9 sl\u00e1vnosti<\/li>\n<li>Kary<\/li>\n<li>Auto pre nevestu<\/li>\n<\/ul>\n","protected":false},"excerpt":{"rendered":"<p>Na\u0161im z\u00e1kazn\u00edkom pon\u00fakame kvalitn\u00e9 slu\u017eby v oblasti stravovania pri pr\u00edjemnom poseden\u00ed v k\u013eudnej a neru\u0161enej dvorane v centre n\u00e1\u0161ho mesta. Slu\u017eby ktor\u00e9 z\u00e1kazn\u00edkom pon\u00fakame \u0160pecifik\u00e1 na\u0161ej re\u0161taur\u00e1cie Organizovanie spolo\u010densk\u00fdch akci\u00ed Akcie Svadby Stretnutia Rodinn\u00e9 oslavy Jubile\u00e1 Krstiny Prom\u00f3cie Stu\u017ekov\u00e9 sl\u00e1vnosti Kary Auto pre nevestu<\/p>\n","protected":false},"author":1,"featured_media":589,"parent":0,"menu_order":0,"comment_status":"open","ping_status":"open","template":"","meta":[],"_links":{"self":[{"href":"https:\/\/dvorujozefa.eu\/index.php\/wp-json\/wp\/v2\/pages\/5"}],"collection":[{"href":"https:\/\/dvorujozefa.eu\/index.php\/wp-json\/wp\/v2\/pages"}],"about":[{"href":"https:\/\/dvorujozefa.eu\/index.php\/wp-json\/wp\/v2\/types\/page"}],"author":[{"embeddable":true,"href":"https:\/\/dvorujozefa.eu\/index.php\/wp-json\/wp\/v2\/users\/1"}],"replies":[{"embeddable":true,"href":"https:\/\/dvorujozefa.eu\/index.php\/wp-json\/wp\/v2\/comments?post=5"}],"version-history":[{"count":11,"href":"https:\/\/dvorujozefa.eu\/index.php\/wp-json\/wp\/v2\/pages\/5\/revisions"}],"predecessor-version":[{"id":738,"href":"https:\/\/dvorujozefa.eu\/index.php\/wp-json\/wp\/v2\/pages\/5\/revisions\/738"}],"wp:featuredmedia":[{"embeddable":true,"href":"https:\/\/dvorujozefa.eu\/index.php\/wp-json\/wp\/v2\/media\/589"}],"wp:attachment":[{"href":"https:\/\/dvorujozefa.eu\/index.php\/wp-json\/wp\/v2\/media?parent=5"}],"curies":[{"name":"wp","href":"https:\/\/api.w.org\/{rel}","templated":true}]}}