{"id":20,"date":"2015-07-06T17:18:04","date_gmt":"2015-07-06T15:18:04","guid":{"rendered":"http:\/\/localhost\/dvorujozefa\/?page_id=20"},"modified":"2016-01-06T18:56:31","modified_gmt":"2016-01-06T16:56:31","slug":"vinaren","status":"publish","type":"page","link":"https:\/\/dvorujozefa.eu\/index.php\/vinaren\/","title":{"rendered":"Vin\u00e1re\u0148"},"content":{"rendered":"<p>Pon\u00fakame sudov\u00e9 v\u00edna :<\/p>\n<p><strong>BIELE:<\/strong><\/p>\n<p>Rizling vla\u0161sk\u00fd such\u00fd<\/p>\n<p>Veltlin polosladk\u00fd \u00a0 \u00a0 \u00a0 \u00a0 \u00a0 \u00a0 \u00a0 \u00a0 \u00a0 \u00a0 \u00a0 \u00a0 \u00a0 \u00a0 \u00a0 \u00a0 \u00a0 \u00a0 \u00a0<strong>\u00a0 1L \/ 1,50 \u20ac<\/strong><\/p>\n<p><strong>\u010cERVEN\u00c9:<\/strong><\/p>\n<p>Frankovka polosuch\u00e1<\/p>\n<p>Frankovka such\u00e1<\/p>\n<p>&nbsp;<\/p>\n<div style=\"width:100%\">\n<div class=\"wd_error\">\n<p><strong>Nie je vybran\u00fd \u017eiadny gal\u00e9rie alebo gal\u00e9rie bola zmazan\u00e1.<\/strong><\/p>\n<\/div>\n<\/div>\n","protected":false},"excerpt":{"rendered":"<p>Pon\u00fakame sudov\u00e9 v\u00edna : BIELE: Rizling vla\u0161sk\u00fd such\u00fd Veltlin polosladk\u00fd \u00a0 \u00a0 \u00a0 \u00a0 \u00a0 \u00a0 \u00a0 \u00a0 \u00a0 \u00a0 \u00a0 \u00a0 \u00a0 \u00a0 \u00a0 \u00a0 \u00a0 \u00a0 \u00a0\u00a0 1L \/ 1,50 \u20ac \u010cERVEN\u00c9: Frankovka polosuch\u00e1 Frankovka such\u00e1 &nbsp;<\/p>\n","protected":false},"author":1,"featured_media":0,"parent":0,"menu_order":0,"comment_status":"open","ping_status":"open","template":"","meta":[],"_links":{"self":[{"href":"https:\/\/dvorujozefa.eu\/index.php\/wp-json\/wp\/v2\/pages\/20"}],"collection":[{"href":"https:\/\/dvorujozefa.eu\/index.php\/wp-json\/wp\/v2\/pages"}],"about":[{"href":"https:\/\/dvorujozefa.eu\/index.php\/wp-json\/wp\/v2\/types\/page"}],"author":[{"embeddable":true,"href":"https:\/\/dvorujozefa.eu\/index.php\/wp-json\/wp\/v2\/users\/1"}],"replies":[{"embeddable":true,"href":"https:\/\/dvorujozefa.eu\/index.php\/wp-json\/wp\/v2\/comments?post=20"}],"version-history":[{"count":5,"href":"https:\/\/dvorujozefa.eu\/index.php\/wp-json\/wp\/v2\/pages\/20\/revisions"}],"predecessor-version":[{"id":209,"href":"https:\/\/dvorujozefa.eu\/index.php\/wp-json\/wp\/v2\/pages\/20\/revisions\/209"}],"wp:attachment":[{"href":"https:\/\/dvorujozefa.eu\/index.php\/wp-json\/wp\/v2\/media?parent=20"}],"curies":[{"name":"wp","href":"https:\/\/api.w.org\/{rel}","templated":true}]}}