{"id":14,"date":"2015-07-06T17:09:30","date_gmt":"2015-07-06T15:09:30","guid":{"rendered":"http:\/\/localhost\/dvorujozefa\/?page_id=14"},"modified":"2026-03-13T15:59:47","modified_gmt":"2026-03-13T13:59:47","slug":"kontakt","status":"publish","type":"page","link":"https:\/\/dvorujozefa.eu\/index.php\/kontakt\/","title":{"rendered":"Kontakt"},"content":{"rendered":"<div>\n<p style=\"text-align: left;\" align=\"center\">Dvor u Jozefa<\/p>\n<p style=\"text-align: left;\" align=\"center\">Ing. Miroslav Adam\u010d\u00e1k<\/p>\n<p style=\"text-align: left;\" align=\"center\">adresa:<\/p>\n<p style=\"text-align: left;\" align=\"center\">K\u00e1rm\u00e1na 4<\/p>\n<p style=\"text-align: left;\" align=\"center\">984 01 Lu\u010denec<\/p>\n<\/div>\n<div>\n<div>email:<br \/>\n<strong>dvorujozefa@gmail.com<\/strong><\/div>\n<div><\/div>\n<div>mobil<\/div>\n<div><strong>0948 013 736<\/strong><\/div>\n<div><\/div>\n<div><\/div>\n<div><\/div>\n<\/div>\n<p align=\"center\">\n","protected":false},"excerpt":{"rendered":"<p>Dvor u Jozefa Ing. Miroslav Adam\u010d\u00e1k adresa: K\u00e1rm\u00e1na 4 984 01 Lu\u010denec email: dvorujozefa@gmail.com mobil 0948 013 736<\/p>\n","protected":false},"author":1,"featured_media":0,"parent":0,"menu_order":0,"comment_status":"open","ping_status":"open","template":"","meta":[],"_links":{"self":[{"href":"https:\/\/dvorujozefa.eu\/index.php\/wp-json\/wp\/v2\/pages\/14"}],"collection":[{"href":"https:\/\/dvorujozefa.eu\/index.php\/wp-json\/wp\/v2\/pages"}],"about":[{"href":"https:\/\/dvorujozefa.eu\/index.php\/wp-json\/wp\/v2\/types\/page"}],"author":[{"embeddable":true,"href":"https:\/\/dvorujozefa.eu\/index.php\/wp-json\/wp\/v2\/users\/1"}],"replies":[{"embeddable":true,"href":"https:\/\/dvorujozefa.eu\/index.php\/wp-json\/wp\/v2\/comments?post=14"}],"version-history":[{"count":11,"href":"https:\/\/dvorujozefa.eu\/index.php\/wp-json\/wp\/v2\/pages\/14\/revisions"}],"predecessor-version":[{"id":1771,"href":"https:\/\/dvorujozefa.eu\/index.php\/wp-json\/wp\/v2\/pages\/14\/revisions\/1771"}],"wp:attachment":[{"href":"https:\/\/dvorujozefa.eu\/index.php\/wp-json\/wp\/v2\/media?parent=14"}],"curies":[{"name":"wp","href":"https:\/\/api.w.org\/{rel}","templated":true}]}}